{"id":10,"date":"2016-04-16T10:00:10","date_gmt":"2016-04-16T08:00:10","guid":{"rendered":"http:\/\/vethermitage.fr\/WP\/?page_id=10"},"modified":"2024-02-14T11:42:07","modified_gmt":"2024-02-14T09:42:07","slug":"la-clinique-2","status":"publish","type":"page","link":"https:\/\/www.vethermitage.fr\/index.php\/la-clinique-2\/","title":{"rendered":"La Clinique"},"content":{"rendered":"<p>En 2024, nous f\u00eaterons les 10 ans de la Clinique V\u00e9t\u00e9rinaire de L&rsquo;Hermitage puisqu&rsquo;elle a ouvert en d\u00e9cembre 2014 !<\/p>\n<p>Notre \u00e9quipe de v\u00e9t\u00e9rinaires et d&rsquo;auxiliaires v\u00e9t\u00e9rinaires est \u00e0 votre disposition pour tous conseils concernant la sant\u00e9 et le bien \u00eatre de vos compagnons.<\/p>\n<p>A l&rsquo;accueil, vous pouvez \u00a0prendre <strong>rendez-vous<\/strong>, acheter des <strong>aliments<\/strong> de haute qualit\u00e9, divers produits d&rsquo;<strong>hygi\u00e8ne<\/strong>, des <strong>accessoires<\/strong>&#8230;<br \/>\nNous vous recevons en consultation sur rendez-vous du lundi au samedi.<span style=\"font-family: Lato, sans-serif; font-size: 15px; font-style: normal; font-weight: 300;\">\u00a0<\/span><\/p>\n<p>Nous disposons de <strong>mat\u00e9riel technique<\/strong> de pointe et investissons r\u00e9guli\u00e8rement afin de vous proposer les meilleurs soins pour vos compagnons. La m\u00e9decine v\u00e9t\u00e9rinaire \u00e9tant en constante \u00e9volution, nous nous effor\u00e7ons \u00e0 nous former constamment sur les derni\u00e8res avanc\u00e9es m\u00e9dicales.\u00a0<span style=\"font-size: 15px;\">N&rsquo;h\u00e9sitez pas \u00e0 d\u00e9couvrir nos services sur la page d\u00e9di\u00e9e du site.\u00a0<\/span><\/p>\n<p>Nous sommes partenaires\u00a0 avec le site internet ClubVet shop pour l&rsquo;achat de produits v\u00e9t\u00e9rinaires (croquettes, accessoires, etc).<br \/>\nCommandez en ligne et venez retirer \u00e0 la clinique en 1 \u00e0 3 jours ouvr\u00e9s. Un SMS vous est envoy\u00e9 pour vous pr\u00e9venir de la bonne r\u00e9ception de vos produits \u00e0 la clinique.<\/p>\n<p style=\"text-align: center;\"><a href=\"https:\/\/clubvetshop.fr\/\" target=\"_blank\" rel=\"noopener\"><strong>https:\/\/clubvetshop.fr\/<\/strong><\/a><\/p>\n","protected":false},"excerpt":{"rendered":"<p>En 2024, nous f\u00eaterons les 10 ans de la Clinique V\u00e9t\u00e9rinaire de L&rsquo;Hermitage puisqu&rsquo;elle a ouvert en d\u00e9cembre 2014 ! Notre \u00e9quipe de v\u00e9t\u00e9rinaires et d&rsquo;auxiliaires v\u00e9t\u00e9rinaires est \u00e0 votre disposition pour tous conseils concernant la sant\u00e9 et le bien \u00eatre de vos compagnons. A l&rsquo;accueil, vous pouvez \u00a0prendre rendez-vous, acheter des aliments de haute <a class=\"read-more\" href=\"https:\/\/www.vethermitage.fr\/index.php\/la-clinique-2\/\">Read More<\/a><\/p>\n","protected":false},"author":1,"featured_media":0,"parent":0,"menu_order":1,"comment_status":"closed","ping_status":"closed","template":"","meta":{"footnotes":""},"class_list":["post-10","page","type-page","status-publish","hentry"],"_links":{"self":[{"href":"https:\/\/www.vethermitage.fr\/index.php\/wp-json\/wp\/v2\/pages\/10","targetHints":{"allow":["GET"]}}],"collection":[{"href":"https:\/\/www.vethermitage.fr\/index.php\/wp-json\/wp\/v2\/pages"}],"about":[{"href":"https:\/\/www.vethermitage.fr\/index.php\/wp-json\/wp\/v2\/types\/page"}],"author":[{"embeddable":true,"href":"https:\/\/www.vethermitage.fr\/index.php\/wp-json\/wp\/v2\/users\/1"}],"replies":[{"embeddable":true,"href":"https:\/\/www.vethermitage.fr\/index.php\/wp-json\/wp\/v2\/comments?post=10"}],"version-history":[{"count":13,"href":"https:\/\/www.vethermitage.fr\/index.php\/wp-json\/wp\/v2\/pages\/10\/revisions"}],"predecessor-version":[{"id":314,"href":"https:\/\/www.vethermitage.fr\/index.php\/wp-json\/wp\/v2\/pages\/10\/revisions\/314"}],"wp:attachment":[{"href":"https:\/\/www.vethermitage.fr\/index.php\/wp-json\/wp\/v2\/media?parent=10"}],"curies":[{"name":"wp","href":"https:\/\/api.w.org\/{rel}","templated":true}]}}