{"id":167,"date":"2017-08-02T09:48:08","date_gmt":"2017-08-02T07:48:08","guid":{"rendered":"http:\/\/www.vethermitage.fr\/?page_id=167"},"modified":"2025-09-10T10:37:05","modified_gmt":"2025-09-10T08:37:05","slug":"mascotte","status":"publish","type":"page","link":"https:\/\/www.vethermitage.fr\/index.php\/lequipe\/mascotte\/","title":{"rendered":"Mascotte"},"content":{"rendered":"<p><strong>Ninja<\/strong><\/p>\n<p>Ninja est un chaton recueilli par Marjorie, sur le bord d&rsquo;une route.<br \/>\nN&rsquo;\u00e9tant pas encore sevr\u00e9e, nous l&rsquo;avons gard\u00e9e, soign\u00e9e et elle a finalement \u00e9lu domicile \u00e0 la clinique !<br \/>\nVous pourrez la croiser \u00e0 l&rsquo;accueil o\u00f9 elle aime dormir derri\u00e8re l&rsquo;ordinateur ou dans le parc \u00e0 chasser les oiseaux et souris !<\/p>\n<p><img loading=\"lazy\" decoding=\"async\" class=\"alignnone size-medium wp-image-168\" src=\"http:\/\/www.vethermitage.fr\/wp-content\/uploads\/2017\/07\/IMG_0432-300x200.jpg\" alt=\"\" width=\"300\" height=\"200\" srcset=\"https:\/\/www.vethermitage.fr\/wp-content\/uploads\/2017\/07\/IMG_0432-300x200.jpg 300w, https:\/\/www.vethermitage.fr\/wp-content\/uploads\/2017\/07\/IMG_0432-768x512.jpg 768w, https:\/\/www.vethermitage.fr\/wp-content\/uploads\/2017\/07\/IMG_0432-700x467.jpg 700w\" sizes=\"auto, (max-width: 300px) 100vw, 300px\" \/> <img loading=\"lazy\" decoding=\"async\" class=\"alignnone size-medium wp-image-169\" src=\"http:\/\/www.vethermitage.fr\/wp-content\/uploads\/2017\/07\/IMG_0456-300x200.jpg\" alt=\"\" width=\"300\" height=\"200\" srcset=\"https:\/\/www.vethermitage.fr\/wp-content\/uploads\/2017\/07\/IMG_0456-300x200.jpg 300w, https:\/\/www.vethermitage.fr\/wp-content\/uploads\/2017\/07\/IMG_0456-768x512.jpg 768w, https:\/\/www.vethermitage.fr\/wp-content\/uploads\/2017\/07\/IMG_0456-700x467.jpg 700w\" sizes=\"auto, (max-width: 300px) 100vw, 300px\" \/><img loading=\"lazy\" decoding=\"async\" class=\"alignnone size-medium wp-image-254\" src=\"http:\/\/www.vethermitage.fr\/wp-content\/uploads\/2019\/07\/IMG_0952-300x200.jpg\" alt=\"\" width=\"300\" height=\"200\" srcset=\"https:\/\/www.vethermitage.fr\/wp-content\/uploads\/2019\/07\/IMG_0952-300x200.jpg 300w, https:\/\/www.vethermitage.fr\/wp-content\/uploads\/2019\/07\/IMG_0952-768x512.jpg 768w, https:\/\/www.vethermitage.fr\/wp-content\/uploads\/2019\/07\/IMG_0952-700x467.jpg 700w\" sizes=\"auto, (max-width: 300px) 100vw, 300px\" \/> <img loading=\"lazy\" decoding=\"async\" class=\"alignnone size-medium wp-image-253\" src=\"http:\/\/www.vethermitage.fr\/wp-content\/uploads\/2019\/07\/IMG_0928-300x200.jpg\" alt=\"\" width=\"300\" height=\"200\" srcset=\"https:\/\/www.vethermitage.fr\/wp-content\/uploads\/2019\/07\/IMG_0928-300x200.jpg 300w, https:\/\/www.vethermitage.fr\/wp-content\/uploads\/2019\/07\/IMG_0928-768x512.jpg 768w, https:\/\/www.vethermitage.fr\/wp-content\/uploads\/2019\/07\/IMG_0928-700x467.jpg 700w\" sizes=\"auto, (max-width: 300px) 100vw, 300px\" \/> <img loading=\"lazy\" decoding=\"async\" class=\"alignnone size-medium wp-image-252\" src=\"http:\/\/www.vethermitage.fr\/wp-content\/uploads\/2019\/07\/IMG_0764-300x200.jpg\" alt=\"\" width=\"300\" height=\"200\" srcset=\"https:\/\/www.vethermitage.fr\/wp-content\/uploads\/2019\/07\/IMG_0764-300x200.jpg 300w, https:\/\/www.vethermitage.fr\/wp-content\/uploads\/2019\/07\/IMG_0764-768x512.jpg 768w, https:\/\/www.vethermitage.fr\/wp-content\/uploads\/2019\/07\/IMG_0764-700x467.jpg 700w\" sizes=\"auto, (max-width: 300px) 100vw, 300px\" \/> <img loading=\"lazy\" decoding=\"async\" class=\"alignnone size-medium wp-image-251\" src=\"http:\/\/www.vethermitage.fr\/wp-content\/uploads\/2019\/07\/IMG_0753-300x200.jpg\" alt=\"\" width=\"300\" height=\"200\" srcset=\"https:\/\/www.vethermitage.fr\/wp-content\/uploads\/2019\/07\/IMG_0753-300x200.jpg 300w, https:\/\/www.vethermitage.fr\/wp-content\/uploads\/2019\/07\/IMG_0753-768x512.jpg 768w, https:\/\/www.vethermitage.fr\/wp-content\/uploads\/2019\/07\/IMG_0753-700x467.jpg 700w\" sizes=\"auto, (max-width: 300px) 100vw, 300px\" \/><\/p>\n","protected":false},"excerpt":{"rendered":"<p>Ninja Ninja est un chaton recueilli par Marjorie, sur le bord d&rsquo;une route. N&rsquo;\u00e9tant pas encore sevr\u00e9e, nous l&rsquo;avons gard\u00e9e, soign\u00e9e et elle a finalement \u00e9lu domicile \u00e0 la clinique ! Vous pourrez la croiser \u00e0 l&rsquo;accueil o\u00f9 elle aime dormir derri\u00e8re l&rsquo;ordinateur ou dans le parc \u00e0 chasser les oiseaux et souris !<\/p>\n","protected":false},"author":1,"featured_media":0,"parent":12,"menu_order":3,"comment_status":"closed","ping_status":"closed","template":"","meta":{"footnotes":""},"class_list":["post-167","page","type-page","status-publish","hentry"],"_links":{"self":[{"href":"https:\/\/www.vethermitage.fr\/index.php\/wp-json\/wp\/v2\/pages\/167","targetHints":{"allow":["GET"]}}],"collection":[{"href":"https:\/\/www.vethermitage.fr\/index.php\/wp-json\/wp\/v2\/pages"}],"about":[{"href":"https:\/\/www.vethermitage.fr\/index.php\/wp-json\/wp\/v2\/types\/page"}],"author":[{"embeddable":true,"href":"https:\/\/www.vethermitage.fr\/index.php\/wp-json\/wp\/v2\/users\/1"}],"replies":[{"embeddable":true,"href":"https:\/\/www.vethermitage.fr\/index.php\/wp-json\/wp\/v2\/comments?post=167"}],"version-history":[{"count":5,"href":"https:\/\/www.vethermitage.fr\/index.php\/wp-json\/wp\/v2\/pages\/167\/revisions"}],"predecessor-version":[{"id":355,"href":"https:\/\/www.vethermitage.fr\/index.php\/wp-json\/wp\/v2\/pages\/167\/revisions\/355"}],"up":[{"embeddable":true,"href":"https:\/\/www.vethermitage.fr\/index.php\/wp-json\/wp\/v2\/pages\/12"}],"wp:attachment":[{"href":"https:\/\/www.vethermitage.fr\/index.php\/wp-json\/wp\/v2\/media?parent=167"}],"curies":[{"name":"wp","href":"https:\/\/api.w.org\/{rel}","templated":true}]}}