{"id":26,"date":"2016-04-17T13:01:31","date_gmt":"2016-04-17T11:01:31","guid":{"rendered":"http:\/\/vethermitage.fr\/WP\/?page_id=26"},"modified":"2024-02-14T12:03:18","modified_gmt":"2024-02-14T10:03:18","slug":"la-nutrition","status":"publish","type":"page","link":"https:\/\/www.vethermitage.fr\/index.php\/nos-services\/la-nutrition\/","title":{"rendered":"La nutrition"},"content":{"rendered":"<p>Une bonne alimentation \u00e9tant la <strong>premi\u00e8re pr\u00e9vention<\/strong> \u00e0 de nombreux probl\u00e8mes de sant\u00e9, nous vous proposons, pour l&rsquo;alimentation de vos animaux, 2 gammes d&rsquo;aliments de haute qualit\u00e9 pour les chiens (Hill&rsquo;s et Virbac) et \u00e9galement 2 gammes pour les chats (Hill&rsquo;s et Virbac).<\/p>\n<p><strong>Qu&rsquo;est-ce qu&rsquo;un aliment de haute qualit\u00e9 (ou premium)<\/strong> ?<\/p>\n<p>C&rsquo;est un aliment :<\/p>\n<p>&#8211; Dont les mati\u00e8res premi\u00e8res sont propres \u00e0 la consommation humaine.<br \/><span style=\"font-size: 15px;\">&#8211; De composition identique quelque soit le co\u00fbt de la mati\u00e8re premi\u00e8re au cours de l&rsquo;ann\u00e9e.<br \/><\/span><span style=\"font-size: 15px;\">&#8211; Sans conservateurs, ar\u00f4mes, colorants artificiels, ni OGM.<br \/><\/span><span style=\"font-size: 15px;\">&#8211; De digestibilit\u00e9 \u00e9lev\u00e9e, pour une utilisation maximale des nutriments et une bonne tol\u00e9rance digestive.<\/span><span style=\"font-size: 15px;\"><br \/><\/span><\/p>\n<p>Nous vous proposons :<\/p>\n<p>La gamme<strong> Vetessentials \/ Prescription Diet <\/strong>de<strong> Hill&rsquo;s<\/strong>\u00a0:<\/p>\n<p><img loading=\"lazy\" decoding=\"async\" class=\"size-full wp-image-171 aligncenter\" src=\"http:\/\/www.vethermitage.fr\/wp-content\/uploads\/2016\/04\/vetess.png\" alt=\"\" width=\"132\" height=\"80\" \/><img loading=\"lazy\" decoding=\"async\" class=\"size-full wp-image-172 aligncenter\" src=\"http:\/\/www.vethermitage.fr\/wp-content\/uploads\/2016\/04\/hills-prescription.jpg\" alt=\"\" width=\"132\" height=\"80\" \/><br \/>Et la gamme\u00a0<strong>HPM\u00a0<\/strong>de<strong> Virbac <\/strong>(physiologique \/ th\u00e9rapeutique) :<\/p>\n<p><img loading=\"lazy\" decoding=\"async\" class=\"wp-image-50 aligncenter\" src=\"http:\/\/www.vethermitage.fr\/wp-content\/uploads\/2016\/04\/Virbac-1-300x161.jpg\" alt=\"\" width=\"177\" height=\"95\" srcset=\"https:\/\/www.vethermitage.fr\/wp-content\/uploads\/2016\/04\/Virbac-1-300x161.jpg 300w, https:\/\/www.vethermitage.fr\/wp-content\/uploads\/2016\/04\/Virbac-1.jpg 494w\" sizes=\"auto, (max-width: 177px) 100vw, 177px\" \/><\/p>\n<p>\u00a0<\/p>\n<p>La nutrition fait partie int\u00e9grante de la prise en charge de nombreuses pathologies r\u00e9nales, urinaires, digestives, dermatologiques, ainsi que des probl\u00e8mes li\u00e9s au surpoids.<br \/><span style=\"font-size: 15px;\">Les produits des gammes th\u00e9rapeutiques sont d\u00e9livr\u00e9s sous prescription et contr\u00f4le v\u00e9t\u00e9rinaire.<\/span><\/p>\n<p><img loading=\"lazy\" decoding=\"async\" class=\"wp-image-173 alignnone\" style=\"font-style: inherit;\" src=\"http:\/\/www.vethermitage.fr\/wp-content\/uploads\/2016\/04\/100.png\" alt=\"\" width=\"68\" height=\"63\" \/>Hill&rsquo;s comme Virbac vous offre une <strong>garantie \u00e0 100 %<\/strong> sur leurs produits. Si vous n&rsquo;\u00eates pas satisfaits du r\u00e9sultat ou si l&rsquo;aliment ne correspond pas \u00e0 vos att<span style=\"font-size: 15px;\">entes,\u00a0<\/span><span style=\"font-size: 15px;\">le laboratoire peut vous rembourser int\u00e9gralement (dans un d\u00e9lai d&rsquo;un mois apr\u00e8s achat).\u00a0<\/span><\/p>\n<p>Dans tous les cas, une <strong>ration alimentaire personnalis\u00e9e<\/strong> pourra vous \u00eatre faite gratuitement sur simple demande. N&rsquo;h\u00e9sitez pas \u00e0 nous demander conseil.<\/p>\n<p>Nous pouvons \u00e9galement commander les croquettes que votre animal a l&rsquo;habitude de manger\u00a0(Royal Canin, Specific).<br \/>Pour cela, merci de nous contacter au 02 99 34 19 95.<\/p>\n<p>Vous pouvez retrouver l&rsquo;ensemble des croquettes vendues \u00e0 la Clinique ainsi que d&rsquo;autres r\u00e9f\u00e9rences de qualit\u00e9 sur notre boutique en ligne :\u00a0<\/p>\n<p style=\"text-align: center;\"><a href=\"https:\/\/clubvetshop.fr\/\">https:\/\/clubvetshop.fr\/<\/a><\/p>\n\n\n<p><\/p>\n","protected":false},"excerpt":{"rendered":"<p>Une bonne alimentation \u00e9tant la premi\u00e8re pr\u00e9vention \u00e0 de nombreux probl\u00e8mes de sant\u00e9, nous vous proposons, pour l&rsquo;alimentation de vos animaux, 2 gammes d&rsquo;aliments de haute qualit\u00e9 pour les chiens (Hill&rsquo;s et Virbac) et \u00e9galement 2 gammes pour les chats (Hill&rsquo;s et Virbac). Qu&rsquo;est-ce qu&rsquo;un aliment de haute qualit\u00e9 (ou premium) ? C&rsquo;est un aliment <a class=\"read-more\" href=\"https:\/\/www.vethermitage.fr\/index.php\/nos-services\/la-nutrition\/\">Read More<\/a><\/p>\n","protected":false},"author":1,"featured_media":0,"parent":24,"menu_order":4,"comment_status":"closed","ping_status":"closed","template":"","meta":{"footnotes":""},"class_list":["post-26","page","type-page","status-publish","hentry"],"_links":{"self":[{"href":"https:\/\/www.vethermitage.fr\/index.php\/wp-json\/wp\/v2\/pages\/26","targetHints":{"allow":["GET"]}}],"collection":[{"href":"https:\/\/www.vethermitage.fr\/index.php\/wp-json\/wp\/v2\/pages"}],"about":[{"href":"https:\/\/www.vethermitage.fr\/index.php\/wp-json\/wp\/v2\/types\/page"}],"author":[{"embeddable":true,"href":"https:\/\/www.vethermitage.fr\/index.php\/wp-json\/wp\/v2\/users\/1"}],"replies":[{"embeddable":true,"href":"https:\/\/www.vethermitage.fr\/index.php\/wp-json\/wp\/v2\/comments?post=26"}],"version-history":[{"count":9,"href":"https:\/\/www.vethermitage.fr\/index.php\/wp-json\/wp\/v2\/pages\/26\/revisions"}],"predecessor-version":[{"id":321,"href":"https:\/\/www.vethermitage.fr\/index.php\/wp-json\/wp\/v2\/pages\/26\/revisions\/321"}],"up":[{"embeddable":true,"href":"https:\/\/www.vethermitage.fr\/index.php\/wp-json\/wp\/v2\/pages\/24"}],"wp:attachment":[{"href":"https:\/\/www.vethermitage.fr\/index.php\/wp-json\/wp\/v2\/media?parent=26"}],"curies":[{"name":"wp","href":"https:\/\/api.w.org\/{rel}","templated":true}]}}