{"id":33,"date":"2016-04-17T13:02:26","date_gmt":"2016-04-17T11:02:26","guid":{"rendered":"http:\/\/vethermitage.fr\/WP\/?page_id=33"},"modified":"2024-02-14T12:20:52","modified_gmt":"2024-02-14T10:20:52","slug":"venir-a-la-clinique","status":"publish","type":"page","link":"https:\/\/www.vethermitage.fr\/index.php\/venir-a-la-clinique\/","title":{"rendered":"Venir \u00e0 la Clinique"},"content":{"rendered":"<p style=\"text-align: center;\">12 Rue de Mordelles &#8211; 35590 L&rsquo;Hermitage<\/p>\n<p><strong>Comment se rendre \u00e0 la Clinique V\u00e9t\u00e9rinaire de L&rsquo;Hermitage ?<\/strong><\/p>\n<p>En voiture : Accessible en moins de 10 minutes \u00e0 partir de La Chapelle Thouarault, Cintr\u00e9, Saint Gilles, Le Rheu, Mordelles.<\/p>\n<p>En bus : Arr\u00eat \u00e0 proximit\u00e9 via la ligne 53 (La Chapelle Thouarault &#8211; L&rsquo;Hermitage &#8211; Vezin le Coquet &#8211; Rennes).<\/p>\n<p>La Clinique est situ\u00e9e dans la <strong>ZAC de la Hauti\u00e8re<\/strong> au Sud de la voie ferr\u00e9e, en face du garage Peugeot LOUAZEL et l&rsquo;entreprise BLANCHARD.<\/p>\n<p>Un vaste <strong>parking priv\u00e9<\/strong> est mis \u00e0 la disposition de la client\u00e8le de la Clinique.<\/p>\n","protected":false},"excerpt":{"rendered":"<p>12 Rue de Mordelles &#8211; 35590 L&rsquo;Hermitage Comment se rendre \u00e0 la Clinique V\u00e9t\u00e9rinaire de L&rsquo;Hermitage ? En voiture : Accessible en moins de 10 minutes \u00e0 partir de La Chapelle Thouarault, Cintr\u00e9, Saint Gilles, Le Rheu, Mordelles. En bus : Arr\u00eat \u00e0 proximit\u00e9 via la ligne 53 (La Chapelle Thouarault &#8211; L&rsquo;Hermitage &#8211; Vezin <a class=\"read-more\" href=\"https:\/\/www.vethermitage.fr\/index.php\/venir-a-la-clinique\/\">Read More<\/a><\/p>\n","protected":false},"author":1,"featured_media":0,"parent":0,"menu_order":7,"comment_status":"closed","ping_status":"closed","template":"","meta":{"footnotes":""},"class_list":["post-33","page","type-page","status-publish","hentry"],"_links":{"self":[{"href":"https:\/\/www.vethermitage.fr\/index.php\/wp-json\/wp\/v2\/pages\/33","targetHints":{"allow":["GET"]}}],"collection":[{"href":"https:\/\/www.vethermitage.fr\/index.php\/wp-json\/wp\/v2\/pages"}],"about":[{"href":"https:\/\/www.vethermitage.fr\/index.php\/wp-json\/wp\/v2\/types\/page"}],"author":[{"embeddable":true,"href":"https:\/\/www.vethermitage.fr\/index.php\/wp-json\/wp\/v2\/users\/1"}],"replies":[{"embeddable":true,"href":"https:\/\/www.vethermitage.fr\/index.php\/wp-json\/wp\/v2\/comments?post=33"}],"version-history":[{"count":8,"href":"https:\/\/www.vethermitage.fr\/index.php\/wp-json\/wp\/v2\/pages\/33\/revisions"}],"predecessor-version":[{"id":326,"href":"https:\/\/www.vethermitage.fr\/index.php\/wp-json\/wp\/v2\/pages\/33\/revisions\/326"}],"wp:attachment":[{"href":"https:\/\/www.vethermitage.fr\/index.php\/wp-json\/wp\/v2\/media?parent=33"}],"curies":[{"name":"wp","href":"https:\/\/api.w.org\/{rel}","templated":true}]}}