{"id":35,"date":"2016-04-17T13:03:05","date_gmt":"2016-04-17T11:03:05","guid":{"rendered":"http:\/\/vethermitage.fr\/WP\/?page_id=35"},"modified":"2024-05-30T16:33:55","modified_gmt":"2024-05-30T14:33:55","slug":"en-cas-durgence","status":"publish","type":"page","link":"https:\/\/www.vethermitage.fr\/index.php\/en-cas-durgence\/","title":{"rendered":"En cas d&rsquo;Urgence"},"content":{"rendered":"<p><span style=\"color: #ff0000;\"><strong>En dehors des heures d&rsquo;ouverture<\/strong><\/span><\/p>\n<p>Un service d&rsquo;urgence est assur\u00e9\u00a0les nuits, dimanches et jours f\u00e9ri\u00e9s\u00a0\u00e0 la <strong>Clinique V\u00e9t\u00e9rinaire de Toutes Urgences<\/strong>, 6 Rue du Nouveau Bourg \u00e0 Rennes.<br \/>\nCette structure est d\u00e9di\u00e9e aux urgences v\u00e9t\u00e9rinaires de Rennes et ses environs et est ouverte en dehors des horaires d&rsquo;ouverture de toute clinique v\u00e9t\u00e9rinaire. Le plateau technique de cette structure est sp\u00e9cifiquement adapt\u00e9 aux urgences et son personnel est sp\u00e9cialement form\u00e9 \u00e0 cela.<\/p>\n<p style=\"text-align: center;\"><span style=\"color: #ff0000;\"><strong>02 99 41 16 46<\/strong><\/span><\/p>\n<p><span style=\"color: #ff0000;\"><strong>Pendant les heures d&rsquo;ouverture<\/strong><\/span><\/p>\n<p>Les urgences sont prioritaires, merci de votre compr\u00e9hension.<\/p>\n<p><span style=\"color: #ff0000;\"><strong>Face \u00e0 une urgence<\/strong><\/span>\u00a0:<\/p>\n<p>&#8211; Ne paniquez pas, gardez votre calme ;<\/p>\n<p>&#8211; Ne pratiquez pas l&rsquo;auto-m\u00e9dication, cela peut\u00a0s&rsquo;av\u00e9rer\u00a0dangereux\u00a0;<\/p>\n<p>&#8211; Contactez la Clinique d\u00e8s que possible, nous pourrons vous donner les premiers conseils et juger de la n\u00e9cessit\u00e9 de pr\u00e9senter votre animal en consultation d&rsquo;urgence ;<\/p>\n<p>&#8211; Dans tous les cas,\u00a0appelez-nous\u00a0avant de vous d\u00e9placer afin que nous puissions vous accueillir dans les meilleures conditions possibles.<\/p>\n","protected":false},"excerpt":{"rendered":"<p>En dehors des heures d&rsquo;ouverture Un service d&rsquo;urgence est assur\u00e9\u00a0les nuits, dimanches et jours f\u00e9ri\u00e9s\u00a0\u00e0 la Clinique V\u00e9t\u00e9rinaire de Toutes Urgences, 6 Rue du Nouveau Bourg \u00e0 Rennes. Cette structure est d\u00e9di\u00e9e aux urgences v\u00e9t\u00e9rinaires de Rennes et ses environs et est ouverte en dehors des horaires d&rsquo;ouverture de toute clinique v\u00e9t\u00e9rinaire. Le plateau technique <a class=\"read-more\" href=\"https:\/\/www.vethermitage.fr\/index.php\/en-cas-durgence\/\">Read More<\/a><\/p>\n","protected":false},"author":1,"featured_media":0,"parent":0,"menu_order":8,"comment_status":"closed","ping_status":"closed","template":"","meta":{"footnotes":""},"class_list":["post-35","page","type-page","status-publish","hentry"],"_links":{"self":[{"href":"https:\/\/www.vethermitage.fr\/index.php\/wp-json\/wp\/v2\/pages\/35","targetHints":{"allow":["GET"]}}],"collection":[{"href":"https:\/\/www.vethermitage.fr\/index.php\/wp-json\/wp\/v2\/pages"}],"about":[{"href":"https:\/\/www.vethermitage.fr\/index.php\/wp-json\/wp\/v2\/types\/page"}],"author":[{"embeddable":true,"href":"https:\/\/www.vethermitage.fr\/index.php\/wp-json\/wp\/v2\/users\/1"}],"replies":[{"embeddable":true,"href":"https:\/\/www.vethermitage.fr\/index.php\/wp-json\/wp\/v2\/comments?post=35"}],"version-history":[{"count":7,"href":"https:\/\/www.vethermitage.fr\/index.php\/wp-json\/wp\/v2\/pages\/35\/revisions"}],"predecessor-version":[{"id":328,"href":"https:\/\/www.vethermitage.fr\/index.php\/wp-json\/wp\/v2\/pages\/35\/revisions\/328"}],"wp:attachment":[{"href":"https:\/\/www.vethermitage.fr\/index.php\/wp-json\/wp\/v2\/media?parent=35"}],"curies":[{"name":"wp","href":"https:\/\/api.w.org\/{rel}","templated":true}]}}