{"id":58,"date":"2016-09-11T10:22:46","date_gmt":"2016-09-11T08:22:46","guid":{"rendered":"http:\/\/vethermitage.fr\/WP\/?page_id=58"},"modified":"2017-07-26T17:56:12","modified_gmt":"2017-07-26T15:56:12","slug":"imagerie-medicale","status":"publish","type":"page","link":"https:\/\/www.vethermitage.fr\/index.php\/nos-services\/imagerie-medicale\/","title":{"rendered":"Imagerie M\u00e9dicale"},"content":{"rendered":"<p>La <span style=\"color: #ff0000;\"><strong>radiographie num\u00e9rique<\/strong><\/span> nous offre la possibilit\u00e9 de r\u00e9aliser en quelques instants des clich\u00e9s radiographiques du thorax, de l&rsquo;abdomen, des membres, du rachis \u00e0 des fins diagnostiques.<br \/>\nLes clich\u00e9s peuvent vous \u00eatre envoy\u00e9s gratuitement par mail sur simple demande.<\/p>\n<p style=\"text-align: center;\">\r\n\t\t\t\t\t\n\r\n\t\t\t\t\t<!-- START UNITE GALLERY 1.7.62 -->\r\n\t\t\t\t\t\r\n\t\t\t\t\n\t\t\t<div id='unitegallery_5_1' class='unite-gallery' style='margin:0px auto;'>\n\t\t\t\t\n\n\t\t\t\t\t\t<img alt=\"Thorax\"\n\t\t\t\t\t\t     src=\"\" data-image=\"https:\/\/www.vethermitage.fr\/wp-content\/uploads\/2016\/09\/thorax.jpg\"\n\t\t\t\t\t\t     data-thumb=\"https:\/\/www.vethermitage.fr\/wp-content\/uploads\/2016\/09\/thorax-300x207.jpg\"\n\t\t\t\t\t\t     title=\"\"\n\t\t\t\t\t\t     style=\"display:none\">\n\n\t\t\t\t\t\t<img alt=\"D\u00e9pistage dysplasie hanche\"\n\t\t\t\t\t\t     src=\"\" data-image=\"https:\/\/www.vethermitage.fr\/wp-content\/uploads\/2016\/09\/243_863_20170519101036.0.jpg\"\n\t\t\t\t\t\t     data-thumb=\"https:\/\/www.vethermitage.fr\/wp-content\/uploads\/2016\/09\/243_863_20170519101036.0-247x300.jpg\"\n\t\t\t\t\t\t     title=\"\"\n\t\t\t\t\t\t     style=\"display:none\">\n\n\t\t\t\t\t\t<img alt=\"Abdomen\"\n\t\t\t\t\t\t     src=\"\" data-image=\"https:\/\/www.vethermitage.fr\/wp-content\/uploads\/2017\/07\/250_895_20170601154908.0.jpg\"\n\t\t\t\t\t\t     data-thumb=\"https:\/\/www.vethermitage.fr\/wp-content\/uploads\/2017\/07\/250_895_20170601154908.0-300x208.jpg\"\n\t\t\t\t\t\t     title=\"\"\n\t\t\t\t\t\t     style=\"display:none\">\n\n\t\t\t\t\t\t<img alt=\"Fractures\"\n\t\t\t\t\t\t     src=\"\" data-image=\"https:\/\/www.vethermitage.fr\/wp-content\/uploads\/2017\/07\/258_923_20170703083820.0.jpg\"\n\t\t\t\t\t\t     data-thumb=\"https:\/\/www.vethermitage.fr\/wp-content\/uploads\/2017\/07\/258_923_20170703083820.0-246x300.jpg\"\n\t\t\t\t\t\t     title=\"\"\n\t\t\t\t\t\t     style=\"display:none\">\n\t\t\t<\/div>\n\n\t\t\t<script type='text\/javascript'>\n\t\t\t\twindow.onload = function(e) {\n\t\t\t\t\tif(typeof ugCheckForErrors == \"undefined\"){\n\t\t\t\t\t\tdocument.getElementById(\"unitegallery_5_1\").innerHTML = \"<span style='color:red'>Unite Gallery Error - gallery js and css files not included in the footer. Please make sure that wp_footer() function is added to your theme.<\/span>\";}\n\t\t\t\t\telse{ ugCheckForErrors(\"unitegallery_5_1\", \"jquery\");}\n\t\t\t\t};\n\t\t\t<\/script>\n\n\t\t\t<!-- END UNITEGALLERY --><\/p>\n<p>L&rsquo;<span style=\"color: #ff0000;\"><strong>\u00e9chographie<\/strong><\/span> permet :<br \/>\n&#8211; L&rsquo;exploration des organes abdominaux (foie, estomac, intestins, vessie&#8230;),<br \/>\n&#8211; La r\u00e9alisation d&rsquo;\u00e9chocardiographie (utile dans le diagnostic et le suivi des animaux souffrant de maladie cardiaque),<br \/>\n&#8211; De faire des suivis de reproduction (diagnostic et suivi de gestation).<\/p>\n<p style=\"text-align: center;\">\r\n\t\t\t\t\t\n\r\n\t\t\t\t\t<!-- START UNITE GALLERY 1.7.62 -->\r\n\t\t\t\t\t\r\n\t\t\t\t\n\t\t\t<div id='unitegallery_6_2' class='unite-gallery' style='margin:0px auto;'>\n\t\t\t\t\n\n\t\t\t\t\t\t<img alt=\"2017050312000601\"\n\t\t\t\t\t\t     src=\"\" data-image=\"https:\/\/www.vethermitage.fr\/wp-content\/uploads\/2017\/07\/2017050312000601.jpg\"\n\t\t\t\t\t\t     data-thumb=\"https:\/\/www.vethermitage.fr\/wp-content\/uploads\/2017\/07\/2017050312000601-300x206.jpg\"\n\t\t\t\t\t\t     title=\"\"\n\t\t\t\t\t\t     style=\"display:none\">\n\n\t\t\t\t\t\t<img alt=\"2016112218210207\"\n\t\t\t\t\t\t     src=\"\" data-image=\"https:\/\/www.vethermitage.fr\/wp-content\/uploads\/2017\/07\/2016112218210207.jpg\"\n\t\t\t\t\t\t     data-thumb=\"https:\/\/www.vethermitage.fr\/wp-content\/uploads\/2017\/07\/2016112218210207-300x206.jpg\"\n\t\t\t\t\t\t     title=\"\"\n\t\t\t\t\t\t     style=\"display:none\">\n\n\t\t\t\t\t\t<img alt=\"2016112218210203\"\n\t\t\t\t\t\t     src=\"\" data-image=\"https:\/\/www.vethermitage.fr\/wp-content\/uploads\/2017\/07\/2016112218210203.jpg\"\n\t\t\t\t\t\t     data-thumb=\"https:\/\/www.vethermitage.fr\/wp-content\/uploads\/2017\/07\/2016112218210203-300x206.jpg\"\n\t\t\t\t\t\t     title=\"\"\n\t\t\t\t\t\t     style=\"display:none\">\n\n\t\t\t\t\t\t<img alt=\"2016112218210201\"\n\t\t\t\t\t\t     src=\"\" data-image=\"https:\/\/www.vethermitage.fr\/wp-content\/uploads\/2017\/07\/2016112218210201.jpg\"\n\t\t\t\t\t\t     data-thumb=\"https:\/\/www.vethermitage.fr\/wp-content\/uploads\/2017\/07\/2016112218210201-300x205.jpg\"\n\t\t\t\t\t\t     title=\"\"\n\t\t\t\t\t\t     style=\"display:none\">\n\t\t\t<\/div>\n\n\n\t\t\t<!-- END UNITEGALLERY --><\/p>\n<p>&nbsp;<\/p>\n","protected":false},"excerpt":{"rendered":"<p>La radiographie num\u00e9rique nous offre la possibilit\u00e9 de r\u00e9aliser en quelques instants des clich\u00e9s radiographiques du thorax, de l&rsquo;abdomen, des membres, du rachis \u00e0 des fins diagnostiques. Les clich\u00e9s peuvent vous \u00eatre envoy\u00e9s gratuitement par mail sur simple demande. L&rsquo;\u00e9chographie permet : &#8211; L&rsquo;exploration des organes abdominaux (foie, estomac, intestins, vessie&#8230;), &#8211; La r\u00e9alisation d&rsquo;\u00e9chocardiographie <a class=\"read-more\" href=\"https:\/\/www.vethermitage.fr\/index.php\/nos-services\/imagerie-medicale\/\">Read More<\/a><\/p>\n","protected":false},"author":1,"featured_media":0,"parent":24,"menu_order":2,"comment_status":"closed","ping_status":"closed","template":"","meta":{"footnotes":""},"class_list":["post-58","page","type-page","status-publish","hentry"],"_links":{"self":[{"href":"https:\/\/www.vethermitage.fr\/index.php\/wp-json\/wp\/v2\/pages\/58","targetHints":{"allow":["GET"]}}],"collection":[{"href":"https:\/\/www.vethermitage.fr\/index.php\/wp-json\/wp\/v2\/pages"}],"about":[{"href":"https:\/\/www.vethermitage.fr\/index.php\/wp-json\/wp\/v2\/types\/page"}],"author":[{"embeddable":true,"href":"https:\/\/www.vethermitage.fr\/index.php\/wp-json\/wp\/v2\/users\/1"}],"replies":[{"embeddable":true,"href":"https:\/\/www.vethermitage.fr\/index.php\/wp-json\/wp\/v2\/comments?post=58"}],"version-history":[{"count":11,"href":"https:\/\/www.vethermitage.fr\/index.php\/wp-json\/wp\/v2\/pages\/58\/revisions"}],"predecessor-version":[{"id":194,"href":"https:\/\/www.vethermitage.fr\/index.php\/wp-json\/wp\/v2\/pages\/58\/revisions\/194"}],"up":[{"embeddable":true,"href":"https:\/\/www.vethermitage.fr\/index.php\/wp-json\/wp\/v2\/pages\/24"}],"wp:attachment":[{"href":"https:\/\/www.vethermitage.fr\/index.php\/wp-json\/wp\/v2\/media?parent=58"}],"curies":[{"name":"wp","href":"https:\/\/api.w.org\/{rel}","templated":true}]}}