{"id":64,"date":"2016-09-11T10:36:53","date_gmt":"2016-09-11T08:36:53","guid":{"rendered":"http:\/\/vethermitage.fr\/WP\/?page_id=64"},"modified":"2017-08-02T11:31:43","modified_gmt":"2017-08-02T09:31:43","slug":"dentisterie","status":"publish","type":"page","link":"https:\/\/www.vethermitage.fr\/index.php\/nos-services\/dentisterie\/","title":{"rendered":"Dentisterie"},"content":{"rendered":"<p>Le <strong>tartre<\/strong> est\u00a0constitu\u00e9\u00a0de bact\u00e9ries, de d\u00e9bris alimentaires et de min\u00e9raux qui irritent la gencive. Les bact\u00e9ries pr\u00e9sentes dans le tartre d\u00e9truisent la gencive (une gingivite est alors pr\u00e9sente) et l&rsquo;os qui maintient la dent. Celle-ci peut alors bouger (voire tomber) et \u00eatre douloureuse pour votre compagnon. Il a alors des difficult\u00e9s pour s&rsquo;alimenter, son haleine devient naus\u00e9abonde, des abc\u00e8s dentaires peuvent se former. C&rsquo;est la <strong>maladie parondontale<\/strong>. Lorsque celle-ci est trop avanc\u00e9e, il n&rsquo;y a parfois pas d&rsquo;autres choix que d&rsquo;extraire les dents qui posent probl\u00e8me.<\/p>\n<p><img loading=\"lazy\" decoding=\"async\" class=\"size-medium wp-image-213 aligncenter\" src=\"http:\/\/www.vethermitage.fr\/wp-content\/uploads\/2017\/08\/IMG_04951-300x200.jpg\" alt=\"\" width=\"300\" height=\"200\" srcset=\"https:\/\/www.vethermitage.fr\/wp-content\/uploads\/2017\/08\/IMG_04951-300x200.jpg 300w, https:\/\/www.vethermitage.fr\/wp-content\/uploads\/2017\/08\/IMG_04951-768x512.jpg 768w, https:\/\/www.vethermitage.fr\/wp-content\/uploads\/2017\/08\/IMG_04951-700x467.jpg 700w\" sizes=\"auto, (max-width: 300px) 100vw, 300px\" \/><\/p>\n<p>Les <strong>cons\u00e9quences syst\u00e9miques<\/strong>, dues au passage des bact\u00e9ries dans le sang, peuvent \u00eatre la cause d&rsquo;une fatigue, de maladies graves du rein, du foie et du c\u0153ur.<br \/>\nC&rsquo;est pourquoi il est important d&rsquo;agir avant ce stade tardif, afin d&rsquo;am\u00e9liorer sa qualit\u00e9 de vie.<\/p>\n<p>Plusieurs solutions existent pour limiter l&rsquo;apparition du tartre mais lorsque celui-ci est install\u00e9, seul le\u00a0<strong>d\u00e9tartrage<\/strong> permet de nettoyer correctement les dents de votre compagnon.<br \/>\nNous effectuons \u00e9galement un <strong>polissage<\/strong> des dents suite au d\u00e9tartrage afin de lisser la surface dentaire et retarder la r\u00e9apparition du tartre.<\/p>\n<p><img loading=\"lazy\" decoding=\"async\" class=\"size-medium wp-image-215 aligncenter\" src=\"http:\/\/www.vethermitage.fr\/wp-content\/uploads\/2017\/08\/IMG_05071-300x200.jpg\" alt=\"\" width=\"300\" height=\"200\" srcset=\"https:\/\/www.vethermitage.fr\/wp-content\/uploads\/2017\/08\/IMG_05071-300x200.jpg 300w, https:\/\/www.vethermitage.fr\/wp-content\/uploads\/2017\/08\/IMG_05071-768x512.jpg 768w, https:\/\/www.vethermitage.fr\/wp-content\/uploads\/2017\/08\/IMG_05071-700x467.jpg 700w\" sizes=\"auto, (max-width: 300px) 100vw, 300px\" \/><\/p>\n<p>Tous les chiens sont\u00a0touch\u00e9s par le tartre mais les petites races sont les plus sujettes \u00e0 ce probl\u00e8me.\u00a0Lorsque le tartre a tendance \u00e0 s&rsquo;accumuler rapidement, un d\u00e9tartrage par an peut \u00eatre pr\u00e9conis\u00e9. Celui-ci s&rsquo;effectue sous <strong>anesth\u00e9sie g\u00e9n\u00e9rale gazeuse<\/strong>, ce qui conf\u00e8re une plus grande s\u00e9curit\u00e9 op\u00e9ratoire.<\/p>\n<p><img loading=\"lazy\" decoding=\"async\" class=\"size-medium wp-image-214 aligncenter\" src=\"http:\/\/www.vethermitage.fr\/wp-content\/uploads\/2017\/08\/IMG_04981-300x200.jpg\" alt=\"\" width=\"300\" height=\"200\" srcset=\"https:\/\/www.vethermitage.fr\/wp-content\/uploads\/2017\/08\/IMG_04981-300x200.jpg 300w, https:\/\/www.vethermitage.fr\/wp-content\/uploads\/2017\/08\/IMG_04981-768x512.jpg 768w, https:\/\/www.vethermitage.fr\/wp-content\/uploads\/2017\/08\/IMG_04981-700x467.jpg 700w\" sizes=\"auto, (max-width: 300px) 100vw, 300px\" \/><\/p>\n<p>N&rsquo;h\u00e9sitez pas nous demander conseil.<\/p>\n<p>&nbsp;<\/p>\n<p>&nbsp;<\/p>\n<p>&nbsp;<\/p>\n","protected":false},"excerpt":{"rendered":"<p>Le tartre est\u00a0constitu\u00e9\u00a0de bact\u00e9ries, de d\u00e9bris alimentaires et de min\u00e9raux qui irritent la gencive. Les bact\u00e9ries pr\u00e9sentes dans le tartre d\u00e9truisent la gencive (une gingivite est alors pr\u00e9sente) et l&rsquo;os qui maintient la dent. Celle-ci peut alors bouger (voire tomber) et \u00eatre douloureuse pour votre compagnon. Il a alors des difficult\u00e9s pour s&rsquo;alimenter, son haleine <a class=\"read-more\" href=\"https:\/\/www.vethermitage.fr\/index.php\/nos-services\/dentisterie\/\">Read More<\/a><\/p>\n","protected":false},"author":1,"featured_media":0,"parent":24,"menu_order":4,"comment_status":"closed","ping_status":"closed","template":"","meta":{"footnotes":""},"class_list":["post-64","page","type-page","status-publish","hentry"],"_links":{"self":[{"href":"https:\/\/www.vethermitage.fr\/index.php\/wp-json\/wp\/v2\/pages\/64","targetHints":{"allow":["GET"]}}],"collection":[{"href":"https:\/\/www.vethermitage.fr\/index.php\/wp-json\/wp\/v2\/pages"}],"about":[{"href":"https:\/\/www.vethermitage.fr\/index.php\/wp-json\/wp\/v2\/types\/page"}],"author":[{"embeddable":true,"href":"https:\/\/www.vethermitage.fr\/index.php\/wp-json\/wp\/v2\/users\/1"}],"replies":[{"embeddable":true,"href":"https:\/\/www.vethermitage.fr\/index.php\/wp-json\/wp\/v2\/comments?post=64"}],"version-history":[{"count":6,"href":"https:\/\/www.vethermitage.fr\/index.php\/wp-json\/wp\/v2\/pages\/64\/revisions"}],"predecessor-version":[{"id":211,"href":"https:\/\/www.vethermitage.fr\/index.php\/wp-json\/wp\/v2\/pages\/64\/revisions\/211"}],"up":[{"embeddable":true,"href":"https:\/\/www.vethermitage.fr\/index.php\/wp-json\/wp\/v2\/pages\/24"}],"wp:attachment":[{"href":"https:\/\/www.vethermitage.fr\/index.php\/wp-json\/wp\/v2\/media?parent=64"}],"curies":[{"name":"wp","href":"https:\/\/api.w.org\/{rel}","templated":true}]}}