{"id":66,"date":"2016-09-11T10:37:17","date_gmt":"2016-09-11T08:37:17","guid":{"rendered":"http:\/\/vethermitage.fr\/WP\/?page_id=66"},"modified":"2024-02-14T11:56:04","modified_gmt":"2024-02-14T09:56:04","slug":"chirurgie","status":"publish","type":"page","link":"https:\/\/www.vethermitage.fr\/index.php\/nos-services\/chirurgie\/","title":{"rendered":"Chirurgie"},"content":{"rendered":"<p>Nous disposons de <strong>deux salles d\u00e9di\u00e9es \u00e0 la chirurgie<\/strong> o\u00f9 de nombreuses interventions peuvent \u00eatre pratiqu\u00e9es :<\/p>\n<p>&#8211; Chirurgies de convenance : st\u00e9rilisations des chiens, chats\u00a0et des NACs<br \/>\n&#8211; Chirurgies cutan\u00e9es, digestives, urinaires, gyn\u00e9cologiques,\u00a0oncologiques&#8230;<\/p>\n<p><img loading=\"lazy\" decoding=\"async\" class=\"size-medium wp-image-176 aligncenter\" style=\"font-style: inherit;\" src=\"http:\/\/www.vethermitage.fr\/wp-content\/uploads\/2016\/09\/P10603291-300x225.jpg\" alt=\"\" width=\"300\" height=\"225\" srcset=\"https:\/\/www.vethermitage.fr\/wp-content\/uploads\/2016\/09\/P10603291-300x225.jpg 300w, https:\/\/www.vethermitage.fr\/wp-content\/uploads\/2016\/09\/P10603291-768x576.jpg 768w, https:\/\/www.vethermitage.fr\/wp-content\/uploads\/2016\/09\/P10603291-700x525.jpg 700w\" sizes=\"auto, (max-width: 300px) 100vw, 300px\" \/><\/p>\n<p>Nous disposons d&rsquo;un appareil d&rsquo;<strong>anesth\u00e9sie gazeuse<\/strong>, pour une anesth\u00e9sie plus s\u00fbre et d&rsquo;un <strong>moniteur<\/strong> pour le suivi des fonctions cardiaques et respiratoires au cours de l&rsquo;anesth\u00e9sie.<\/p>\n<p>Une <strong>consultation pr\u00e9-op\u00e9ratoire<\/strong> est syst\u00e9matiquement r\u00e9alis\u00e9e avant toute intervention et un <strong>contrat de soins<\/strong> est sign\u00e9.<br \/>\nUn <strong>bilan sanguin pr\u00e9-anesth\u00e9sique<\/strong> vous est propos\u00e9 (fortement recommand\u00e9 \u00e0 partir de 7 ans).<\/p>\n<p>Nous attachons une grande importance \u00e0 la <strong>prise en charge de la douleur<\/strong>.<\/p>\n<p>Un devis vous sera syst\u00e9matiquement remis avant une intervention.<\/p>\n","protected":false},"excerpt":{"rendered":"<p>Nous disposons de deux salles d\u00e9di\u00e9es \u00e0 la chirurgie o\u00f9 de nombreuses interventions peuvent \u00eatre pratiqu\u00e9es : &#8211; Chirurgies de convenance : st\u00e9rilisations des chiens, chats\u00a0et des NACs &#8211; Chirurgies cutan\u00e9es, digestives, urinaires, gyn\u00e9cologiques,\u00a0oncologiques&#8230; Nous disposons d&rsquo;un appareil d&rsquo;anesth\u00e9sie gazeuse, pour une anesth\u00e9sie plus s\u00fbre et d&rsquo;un moniteur pour le suivi des fonctions cardiaques et <a class=\"read-more\" href=\"https:\/\/www.vethermitage.fr\/index.php\/nos-services\/chirurgie\/\">Read More<\/a><\/p>\n","protected":false},"author":1,"featured_media":0,"parent":24,"menu_order":1,"comment_status":"closed","ping_status":"closed","template":"","meta":{"footnotes":""},"class_list":["post-66","page","type-page","status-publish","hentry"],"_links":{"self":[{"href":"https:\/\/www.vethermitage.fr\/index.php\/wp-json\/wp\/v2\/pages\/66","targetHints":{"allow":["GET"]}}],"collection":[{"href":"https:\/\/www.vethermitage.fr\/index.php\/wp-json\/wp\/v2\/pages"}],"about":[{"href":"https:\/\/www.vethermitage.fr\/index.php\/wp-json\/wp\/v2\/types\/page"}],"author":[{"embeddable":true,"href":"https:\/\/www.vethermitage.fr\/index.php\/wp-json\/wp\/v2\/users\/1"}],"replies":[{"embeddable":true,"href":"https:\/\/www.vethermitage.fr\/index.php\/wp-json\/wp\/v2\/comments?post=66"}],"version-history":[{"count":10,"href":"https:\/\/www.vethermitage.fr\/index.php\/wp-json\/wp\/v2\/pages\/66\/revisions"}],"predecessor-version":[{"id":319,"href":"https:\/\/www.vethermitage.fr\/index.php\/wp-json\/wp\/v2\/pages\/66\/revisions\/319"}],"up":[{"embeddable":true,"href":"https:\/\/www.vethermitage.fr\/index.php\/wp-json\/wp\/v2\/pages\/24"}],"wp:attachment":[{"href":"https:\/\/www.vethermitage.fr\/index.php\/wp-json\/wp\/v2\/media?parent=66"}],"curies":[{"name":"wp","href":"https:\/\/api.w.org\/{rel}","templated":true}]}}