{"id":68,"date":"2016-09-11T10:37:37","date_gmt":"2016-09-11T08:37:37","guid":{"rendered":"http:\/\/vethermitage.fr\/WP\/?page_id=68"},"modified":"2017-07-26T17:09:46","modified_gmt":"2017-07-26T15:09:46","slug":"hospitalisation","status":"publish","type":"page","link":"https:\/\/www.vethermitage.fr\/index.php\/nos-services\/hospitalisation\/","title":{"rendered":"Hospitalisation"},"content":{"rendered":"<p>Dans certains cas, l&rsquo;hospitalisation de votre compagnon est n\u00e9cessaire pour la r\u00e9alisation d&rsquo;examens compl\u00e9mentaires (radiographie, \u00e9chographie&#8230;), pour une mise sous perfusion ou dans le cas d&rsquo;une surveillance apr\u00e8s une chirurgie&#8230;<\/p>\n<p>Nous disposons d&rsquo;un <strong>chenil<\/strong> r\u00e9serv\u00e9 \u00e0 l&rsquo;hospitalisation des chiens s\u00e9par\u00e9 de la <strong>chatterie<\/strong> qui accueille uniquement les chats.<\/p>\n<p>Un espace ind\u00e9pendant est r\u00e9serv\u00e9 aux animaux <strong>contagieux.<\/strong><\/p>\n","protected":false},"excerpt":{"rendered":"<p>Dans certains cas, l&rsquo;hospitalisation de votre compagnon est n\u00e9cessaire pour la r\u00e9alisation d&rsquo;examens compl\u00e9mentaires (radiographie, \u00e9chographie&#8230;), pour une mise sous perfusion ou dans le cas d&rsquo;une surveillance apr\u00e8s une chirurgie&#8230; Nous disposons d&rsquo;un chenil r\u00e9serv\u00e9 \u00e0 l&rsquo;hospitalisation des chiens s\u00e9par\u00e9 de la chatterie qui accueille uniquement les chats. Un espace ind\u00e9pendant est r\u00e9serv\u00e9 aux animaux <a class=\"read-more\" href=\"https:\/\/www.vethermitage.fr\/index.php\/nos-services\/hospitalisation\/\">Read More<\/a><\/p>\n","protected":false},"author":1,"featured_media":0,"parent":24,"menu_order":6,"comment_status":"closed","ping_status":"closed","template":"","meta":{"footnotes":""},"class_list":["post-68","page","type-page","status-publish","hentry"],"_links":{"self":[{"href":"https:\/\/www.vethermitage.fr\/index.php\/wp-json\/wp\/v2\/pages\/68","targetHints":{"allow":["GET"]}}],"collection":[{"href":"https:\/\/www.vethermitage.fr\/index.php\/wp-json\/wp\/v2\/pages"}],"about":[{"href":"https:\/\/www.vethermitage.fr\/index.php\/wp-json\/wp\/v2\/types\/page"}],"author":[{"embeddable":true,"href":"https:\/\/www.vethermitage.fr\/index.php\/wp-json\/wp\/v2\/users\/1"}],"replies":[{"embeddable":true,"href":"https:\/\/www.vethermitage.fr\/index.php\/wp-json\/wp\/v2\/comments?post=68"}],"version-history":[{"count":3,"href":"https:\/\/www.vethermitage.fr\/index.php\/wp-json\/wp\/v2\/pages\/68\/revisions"}],"predecessor-version":[{"id":179,"href":"https:\/\/www.vethermitage.fr\/index.php\/wp-json\/wp\/v2\/pages\/68\/revisions\/179"}],"up":[{"embeddable":true,"href":"https:\/\/www.vethermitage.fr\/index.php\/wp-json\/wp\/v2\/pages\/24"}],"wp:attachment":[{"href":"https:\/\/www.vethermitage.fr\/index.php\/wp-json\/wp\/v2\/media?parent=68"}],"curies":[{"name":"wp","href":"https:\/\/api.w.org\/{rel}","templated":true}]}}