{"id":70,"date":"2016-09-11T10:40:27","date_gmt":"2016-09-11T08:40:27","guid":{"rendered":"http:\/\/vethermitage.fr\/WP\/?page_id=70"},"modified":"2024-02-14T11:53:18","modified_gmt":"2024-02-14T09:53:18","slug":"veterinaires","status":"publish","type":"page","link":"https:\/\/www.vethermitage.fr\/index.php\/lequipe\/veterinaires\/","title":{"rendered":"V\u00e9t\u00e9rinaires"},"content":{"rendered":"<p><strong>Dr THOMAS Nolwenn<\/strong><br \/>\nDipl\u00f4m\u00e9e de L&rsquo;Universit\u00e9 de Li\u00e8ge en 2011<br \/>\nV\u00e9t\u00e9rinaire associ\u00e9e.<br \/>\nDomaines de pr\u00e9dilection : M\u00e9decine Interne, Examens de laboratoire (pr\u00e9paration du <strong>Certificat d&rsquo;Etudes Sup\u00e9rieures en H\u00e9matologie et Biochimie cliniques animales, <\/strong>form\u00e9e en <strong>cytologie v\u00e9t\u00e9rinaire<\/strong>), Dermatologie.<\/p>\n<p><img loading=\"lazy\" decoding=\"async\" class=\"wp-image-46 aligncenter\" src=\"http:\/\/vethermitage.fr\/WP\/wp-content\/uploads\/2016\/04\/DrThomas-300x269.jpg\" alt=\"DrThomas\" width=\"216\" height=\"193\" srcset=\"https:\/\/www.vethermitage.fr\/wp-content\/uploads\/2016\/04\/DrThomas-300x269.jpg 300w, https:\/\/www.vethermitage.fr\/wp-content\/uploads\/2016\/04\/DrThomas-768x688.jpg 768w, https:\/\/www.vethermitage.fr\/wp-content\/uploads\/2016\/04\/DrThomas-1024x918.jpg 1024w\" sizes=\"auto, (max-width: 216px) 100vw, 216px\" \/><\/p>\n<p><strong>Dr MEJEAN Christophe<\/strong><br \/>\nDipl\u00f4m\u00e9 de L&rsquo;Universit\u00e9 de Li\u00e8ge en 2010<br \/>\nV\u00e9t\u00e9rinaire associ\u00e9.<br \/>\nDomaines de pr\u00e9dilection : Ophtalmologie (dipl\u00f4m\u00e9 du <strong>Certificat d&rsquo;Etudes Sup\u00e9rieures d&rsquo;Ophtalmologie<\/strong> de l&rsquo;Ecole V\u00e9t\u00e9rinaire de Toulouse), Dentisterie, Orthop\u00e9die, Chirurgie.<\/p>\n<p><img loading=\"lazy\" decoding=\"async\" class=\"wp-image-45 aligncenter\" src=\"http:\/\/vethermitage.fr\/WP\/wp-content\/uploads\/2016\/04\/DrMejean-300x246.jpg\" alt=\"DrMejean\" width=\"216\" height=\"177\" srcset=\"https:\/\/www.vethermitage.fr\/wp-content\/uploads\/2016\/04\/DrMejean-300x246.jpg 300w, https:\/\/www.vethermitage.fr\/wp-content\/uploads\/2016\/04\/DrMejean-768x630.jpg 768w, https:\/\/www.vethermitage.fr\/wp-content\/uploads\/2016\/04\/DrMejean-1024x840.jpg 1024w\" sizes=\"auto, (max-width: 216px) 100vw, 216px\" \/><\/p>\n<p><strong>Dr Julie LE MAT<\/strong><br \/>\nDipl\u00f4m\u00e9e de l&rsquo;Ecole Nationale V\u00e9t\u00e9rinaire de Nantes<br \/>\nV\u00e9t\u00e9rinaire collaboratrice<\/p>\n<p><strong>Dr Lola LEMEE<\/strong><br \/>\nDipl\u00f4m\u00e9e de l&rsquo;Ecole Nationale V\u00e9t\u00e9rinaire de Nantes<br \/>\nV\u00e9t\u00e9rinaire salari\u00e9e<\/p>\n","protected":false},"excerpt":{"rendered":"<p>Dr THOMAS Nolwenn Dipl\u00f4m\u00e9e de L&rsquo;Universit\u00e9 de Li\u00e8ge en 2011 V\u00e9t\u00e9rinaire associ\u00e9e. Domaines de pr\u00e9dilection : M\u00e9decine Interne, Examens de laboratoire (pr\u00e9paration du Certificat d&rsquo;Etudes Sup\u00e9rieures en H\u00e9matologie et Biochimie cliniques animales, form\u00e9e en cytologie v\u00e9t\u00e9rinaire), Dermatologie. Dr MEJEAN Christophe Dipl\u00f4m\u00e9 de L&rsquo;Universit\u00e9 de Li\u00e8ge en 2010 V\u00e9t\u00e9rinaire associ\u00e9. Domaines de pr\u00e9dilection : Ophtalmologie (dipl\u00f4m\u00e9 <a class=\"read-more\" href=\"https:\/\/www.vethermitage.fr\/index.php\/lequipe\/veterinaires\/\">Read More<\/a><\/p>\n","protected":false},"author":1,"featured_media":0,"parent":12,"menu_order":1,"comment_status":"closed","ping_status":"closed","template":"","meta":{"footnotes":""},"class_list":["post-70","page","type-page","status-publish","hentry"],"_links":{"self":[{"href":"https:\/\/www.vethermitage.fr\/index.php\/wp-json\/wp\/v2\/pages\/70","targetHints":{"allow":["GET"]}}],"collection":[{"href":"https:\/\/www.vethermitage.fr\/index.php\/wp-json\/wp\/v2\/pages"}],"about":[{"href":"https:\/\/www.vethermitage.fr\/index.php\/wp-json\/wp\/v2\/types\/page"}],"author":[{"embeddable":true,"href":"https:\/\/www.vethermitage.fr\/index.php\/wp-json\/wp\/v2\/users\/1"}],"replies":[{"embeddable":true,"href":"https:\/\/www.vethermitage.fr\/index.php\/wp-json\/wp\/v2\/comments?post=70"}],"version-history":[{"count":13,"href":"https:\/\/www.vethermitage.fr\/index.php\/wp-json\/wp\/v2\/pages\/70\/revisions"}],"predecessor-version":[{"id":316,"href":"https:\/\/www.vethermitage.fr\/index.php\/wp-json\/wp\/v2\/pages\/70\/revisions\/316"}],"up":[{"embeddable":true,"href":"https:\/\/www.vethermitage.fr\/index.php\/wp-json\/wp\/v2\/pages\/12"}],"wp:attachment":[{"href":"https:\/\/www.vethermitage.fr\/index.php\/wp-json\/wp\/v2\/media?parent=70"}],"curies":[{"name":"wp","href":"https:\/\/api.w.org\/{rel}","templated":true}]}}