{"id":72,"date":"2016-09-11T10:40:48","date_gmt":"2016-09-11T08:40:48","guid":{"rendered":"http:\/\/vethermitage.fr\/WP\/?page_id=72"},"modified":"2026-05-04T15:24:46","modified_gmt":"2026-05-04T13:24:46","slug":"assistante-veterinaire","status":"publish","type":"page","link":"https:\/\/www.vethermitage.fr\/index.php\/lequipe\/assistante-veterinaire\/","title":{"rendered":"Auxiliaires V\u00e9t\u00e9rinaires"},"content":{"rendered":"<p><strong>Marjorie<\/strong><\/p>\n<p><img loading=\"lazy\" decoding=\"async\" class=\"size-medium wp-image-228 alignleft\" src=\"http:\/\/www.vethermitage.fr\/wp-content\/uploads\/2016\/09\/IMG_0708-e1505316076743-200x300.jpg\" alt=\"\" width=\"200\" height=\"300\" srcset=\"https:\/\/www.vethermitage.fr\/wp-content\/uploads\/2016\/09\/IMG_0708-e1505316076743-200x300.jpg 200w, https:\/\/www.vethermitage.fr\/wp-content\/uploads\/2016\/09\/IMG_0708-e1505316076743-768x1152.jpg 768w, https:\/\/www.vethermitage.fr\/wp-content\/uploads\/2016\/09\/IMG_0708-e1505316076743-700x1050.jpg 700w, https:\/\/www.vethermitage.fr\/wp-content\/uploads\/2016\/09\/IMG_0708-e1505316076743-512x768.jpg 512w\" sizes=\"auto, (max-width: 200px) 100vw, 200px\" \/><\/p>\n<p>Marjorie a int\u00e9gr\u00e9 la clinique en mars 2017.<\/p>\n<p><em>\u00ab\u00a0Dynamique et enjou\u00e9e, j&rsquo;aime \u00eatre \u00e0 votre \u00e9coute et discuter de vos compagnons pour vous conseiller au mieux.<\/em><br \/><em>Passionn\u00e9e depuis toujours et vivant avec mes chats et chiens, je mets un point d&rsquo;honneur \u00e0 assurer le bien \u00eatre de nos petits patients.<\/em><br \/><em>En cas d&rsquo;hospitalisation ou lors d&rsquo;une visite de votre animal \u00e0 la clinique, je fais mon maximum pour le r\u00e9conforter dans le respect et la douceur.\u00a0\u00bb<\/em><\/p>\n<p>&nbsp;<\/p>\n<p>&nbsp;<\/p>\n<p>&nbsp;<\/p>\n<p>&nbsp;<\/p>\n<p>&nbsp;<\/p>\n<p><strong>Laetitia<\/strong><\/p>\n<p><strong><img loading=\"lazy\" decoding=\"async\" class=\"size-medium wp-image-306 alignleft\" src=\"http:\/\/www.vethermitage.fr\/wp-content\/uploads\/2021\/03\/IMG_20201219_112808-225x300.jpg\" alt=\"\" width=\"225\" height=\"300\" srcset=\"https:\/\/www.vethermitage.fr\/wp-content\/uploads\/2021\/03\/IMG_20201219_112808-225x300.jpg 225w, https:\/\/www.vethermitage.fr\/wp-content\/uploads\/2021\/03\/IMG_20201219_112808.jpg 306w\" sizes=\"auto, (max-width: 225px) 100vw, 225px\" \/><\/strong><\/p>\n<p>Laetitia est dipl\u00f4m\u00e9e de l&rsquo;\u00e9cole APIVET Bruz en 2020 et a int\u00e9gr\u00e9 la Clinique en Juillet 2020.<\/p>\n<p>Consciencieuse et empathique, elle attache de l&rsquo;importance au bien \u00eatre de vos compagnons afin qu&rsquo;ils se sentent comme \u00e0 la maison lors de leur passage \u00e0 la Clinique.\u00a0<br \/>Elle s&rsquo;investit \u00e9galement pleinement pour r\u00e9pondre au mieux et dans la mesure du possible \u00e0 vos demandes et interrogations.<\/p>\n<p>&nbsp;<\/p>\n<p>&nbsp;<\/p>\n<p>&nbsp;<\/p>\n<p>&nbsp;<\/p>\n<p>&nbsp;<\/p>\n<p><strong>Julie<\/strong><\/p>\n<p><img loading=\"lazy\" decoding=\"async\" class=\" wp-image-359 alignleft\" src=\"http:\/\/www.vethermitage.fr\/wp-content\/uploads\/2026\/05\/20260330_093439-225x300.jpg\" alt=\"\" width=\"189\" height=\"252\" srcset=\"https:\/\/www.vethermitage.fr\/wp-content\/uploads\/2026\/05\/20260330_093439-225x300.jpg 225w, https:\/\/www.vethermitage.fr\/wp-content\/uploads\/2026\/05\/20260330_093439-700x933.jpg 700w, https:\/\/www.vethermitage.fr\/wp-content\/uploads\/2026\/05\/20260330_093439-768x1024.jpg 768w, https:\/\/www.vethermitage.fr\/wp-content\/uploads\/2026\/05\/20260330_093439-576x768.jpg 576w, https:\/\/www.vethermitage.fr\/wp-content\/uploads\/2026\/05\/20260330_093439-1152x1536.jpg 1152w, https:\/\/www.vethermitage.fr\/wp-content\/uploads\/2026\/05\/20260330_093439-1536x2048.jpg 1536w, https:\/\/www.vethermitage.fr\/wp-content\/uploads\/2026\/05\/20260330_093439-scaled.jpg 1920w\" sizes=\"auto, (max-width: 189px) 100vw, 189px\" \/><\/p>\n<p>Apr\u00e8s plusieurs ann\u00e9es pass\u00e9es dans une Clinique en C\u00f4tes d&rsquo;Armor, Julie a d\u00e9m\u00e9nag\u00e9 en Ille-et-Vilaine et a rejoint notre \u00e9quipe d&rsquo;auxiliaires en mars 2026.\u00a0\u00a0<\/p>\n\n\n<p><\/p>\n\n\n\n<p><\/p>\n\n\n\n<p><\/p>\n\n\n\n<p><\/p>\n\n\n\n<p><\/p>\n","protected":false},"excerpt":{"rendered":"<p>Marjorie Marjorie a int\u00e9gr\u00e9 la clinique en mars 2017. \u00ab\u00a0Dynamique et enjou\u00e9e, j&rsquo;aime \u00eatre \u00e0 votre \u00e9coute et discuter de vos compagnons pour vous conseiller au mieux.Passionn\u00e9e depuis toujours et vivant avec mes chats et chiens, je mets un point d&rsquo;honneur \u00e0 assurer le bien \u00eatre de nos petits patients.En cas d&rsquo;hospitalisation ou lors d&rsquo;une <a class=\"read-more\" href=\"https:\/\/www.vethermitage.fr\/index.php\/lequipe\/assistante-veterinaire\/\">Read More<\/a><\/p>\n","protected":false},"author":1,"featured_media":0,"parent":12,"menu_order":2,"comment_status":"closed","ping_status":"closed","template":"","meta":{"footnotes":""},"class_list":["post-72","page","type-page","status-publish","hentry"],"_links":{"self":[{"href":"https:\/\/www.vethermitage.fr\/index.php\/wp-json\/wp\/v2\/pages\/72","targetHints":{"allow":["GET"]}}],"collection":[{"href":"https:\/\/www.vethermitage.fr\/index.php\/wp-json\/wp\/v2\/pages"}],"about":[{"href":"https:\/\/www.vethermitage.fr\/index.php\/wp-json\/wp\/v2\/types\/page"}],"author":[{"embeddable":true,"href":"https:\/\/www.vethermitage.fr\/index.php\/wp-json\/wp\/v2\/users\/1"}],"replies":[{"embeddable":true,"href":"https:\/\/www.vethermitage.fr\/index.php\/wp-json\/wp\/v2\/comments?post=72"}],"version-history":[{"count":19,"href":"https:\/\/www.vethermitage.fr\/index.php\/wp-json\/wp\/v2\/pages\/72\/revisions"}],"predecessor-version":[{"id":360,"href":"https:\/\/www.vethermitage.fr\/index.php\/wp-json\/wp\/v2\/pages\/72\/revisions\/360"}],"up":[{"embeddable":true,"href":"https:\/\/www.vethermitage.fr\/index.php\/wp-json\/wp\/v2\/pages\/12"}],"wp:attachment":[{"href":"https:\/\/www.vethermitage.fr\/index.php\/wp-json\/wp\/v2\/media?parent=72"}],"curies":[{"name":"wp","href":"https:\/\/api.w.org\/{rel}","templated":true}]}}